{"id":5309,"date":"2022-11-11T12:21:17","date_gmt":"2022-12-01T19:19:40","guid":{"rendered":"https:\/\/elegantdriver.pro\/producto\/contact-winter-duo\/"},"modified":"2022-12-01T19:19:40","modified_gmt":"2022-12-01T19:19:40","slug":"contact-winter-duo-2","status":"publish","type":"product","link":"https:\/\/elegantdriver.pro\/fr\/producto\/contact-winter-duo-2\/","title":{"rendered":"Contact Winter D\u00fao"},"content":{"rendered":"","protected":false},"excerpt":{"rendered":"<p>Cours d&rsquo;initiation \u00e0 la conduite sur neige ou verglas qui am\u00e9liore la confiance du conducteur et le contr\u00f4le du v\u00e9hicule dans des situations de faible adh\u00e9rence. Vous apprendrez \u00e0 ma\u00eetriser le freinage ou le d\u00e9rapage pour am\u00e9liorer votre technique.<br \/>\nRecommand\u00e9 pour les conducteurs qui utilisent fr\u00e9quemment le v\u00e9hicule dans des zones enneig\u00e9es et qui souhaitent am\u00e9liorer la s\u00e9curit\u00e9 ou gagner en confiance dans la conduite sur des surfaces glissantes.<\/p>\n","protected":false},"featured_media":3837,"comment_status":"open","ping_status":"closed","template":"","meta":{"_et_pb_use_builder":"off","_et_pb_old_content":"","_et_gb_content_width":""},"product_brand":[],"product_cat":[142],"product_tag":[],"class_list":{"0":"post-5309","1":"product","2":"type-product","3":"status-publish","4":"has-post-thumbnail","6":"product_cat-cours","8":"first","9":"instock","10":"virtual","11":"taxable","12":"purchasable","13":"product-type-simple"},"yoast_head":"<!-- This site is optimized with the Yoast SEO plugin v26.9 - https:\/\/yoast.com\/product\/yoast-seo-wordpress\/ -->\n<title>Contact Winter D\u00fao - Elegant Driver<\/title>\n<meta name=\"robots\" content=\"index, follow, max-snippet:-1, max-image-preview:large, max-video-preview:-1\" \/>\n<link rel=\"canonical\" href=\"https:\/\/elegantdriver.pro\/producto\/contact-winter-duo\/\" \/>\n<meta property=\"og:locale\" content=\"fr_FR\" \/>\n<meta property=\"og:type\" content=\"article\" \/>\n<meta property=\"og:title\" content=\"Contact Winter D\u00fao - Elegant Driver\" \/>\n<meta property=\"og:description\" content=\"Cours d&#039;initiation \u00e0 la conduite sur neige ou verglas qui am\u00e9liore la confiance du conducteur et le contr\u00f4le du v\u00e9hicule dans des situations de faible adh\u00e9rence. Vous apprendrez \u00e0 ma\u00eetriser le freinage ou le d\u00e9rapage pour am\u00e9liorer votre technique. Recommand\u00e9 pour les conducteurs qui utilisent fr\u00e9quemment le v\u00e9hicule dans des zones enneig\u00e9es et qui souhaitent am\u00e9liorer la s\u00e9curit\u00e9 ou gagner en confiance dans la conduite sur des surfaces glissantes.\" \/>\n<meta property=\"og:url\" content=\"https:\/\/elegantdriver.pro\/producto\/contact-winter-duo\/\" \/>\n<meta property=\"og:site_name\" content=\"Elegant Driver\" \/>\n<meta property=\"article:publisher\" content=\"https:\/\/www.facebook.com\/Elegant-Driver-573677226420084\/\" \/>\n<meta property=\"og:image\" content=\"https:\/\/elegant-driver.fra1.digitaloceanspaces.com\/wp-content\/uploads\/2021\/01\/Giand21G121aCohete.jpg\" \/>\n\t<meta property=\"og:image:width\" content=\"1024\" \/>\n\t<meta property=\"og:image:height\" content=\"682\" \/>\n\t<meta property=\"og:image:type\" content=\"image\/jpeg\" \/>\n<meta name=\"twitter:card\" content=\"summary_large_image\" \/>\n<script type=\"application\/ld+json\" class=\"yoast-schema-graph\">{\"@context\":\"https:\/\/schema.org\",\"@graph\":[{\"@type\":\"WebPage\",\"@id\":\"https:\/\/elegantdriver.pro\/producto\/contact-winter-duo\/\",\"url\":\"https:\/\/elegantdriver.pro\/producto\/contact-winter-duo\/\",\"name\":\"Contact Winter D\u00fao - Elegant Driver\",\"isPartOf\":{\"@id\":\"https:\/\/elegantdriver.pro\/#website\"},\"primaryImageOfPage\":{\"@id\":\"https:\/\/elegantdriver.pro\/producto\/contact-winter-duo\/#primaryimage\"},\"image\":{\"@id\":\"https:\/\/elegantdriver.pro\/producto\/contact-winter-duo\/#primaryimage\"},\"thumbnailUrl\":\"https:\/\/elegant-driver.fra1.digitaloceanspaces.com\/wp-content\/uploads\/2022\/11\/hyundai-2-activitats-hivern-circuit-andorra-pas-de-la-casa.jpg\",\"datePublished\":\"2022-12-01T19:19:40+00:00\",\"breadcrumb\":{\"@id\":\"https:\/\/elegantdriver.pro\/producto\/contact-winter-duo\/#breadcrumb\"},\"inLanguage\":\"fr-FR\",\"potentialAction\":[{\"@type\":\"ReadAction\",\"target\":[\"https:\/\/elegantdriver.pro\/producto\/contact-winter-duo\/\"]}]},{\"@type\":\"ImageObject\",\"inLanguage\":\"fr-FR\",\"@id\":\"https:\/\/elegantdriver.pro\/producto\/contact-winter-duo\/#primaryimage\",\"url\":\"https:\/\/elegant-driver.fra1.digitaloceanspaces.com\/wp-content\/uploads\/2022\/11\/hyundai-2-activitats-hivern-circuit-andorra-pas-de-la-casa.jpg\",\"contentUrl\":\"https:\/\/elegant-driver.fra1.digitaloceanspaces.com\/wp-content\/uploads\/2022\/11\/hyundai-2-activitats-hivern-circuit-andorra-pas-de-la-casa.jpg\",\"width\":1200,\"height\":800},{\"@type\":\"BreadcrumbList\",\"@id\":\"https:\/\/elegantdriver.pro\/producto\/contact-winter-duo\/#breadcrumb\",\"itemListElement\":[{\"@type\":\"ListItem\",\"position\":1,\"name\":\"Portada\",\"item\":\"https:\/\/elegantdriver.pro\/fr\/page-daccueil\/\"},{\"@type\":\"ListItem\",\"position\":2,\"name\":\"Page d&rsquo;accueil\",\"item\":\"https:\/\/elegantdriver.pro\/fr\/page-daccueil\/\"},{\"@type\":\"ListItem\",\"position\":3,\"name\":\"Contact Winter D\u00fao\"}]},{\"@type\":\"WebSite\",\"@id\":\"https:\/\/elegantdriver.pro\/#website\",\"url\":\"https:\/\/elegantdriver.pro\/\",\"name\":\"Elegant Driver\",\"description\":\"SPORT-CHIC EXPERIENCES\",\"potentialAction\":[{\"@type\":\"SearchAction\",\"target\":{\"@type\":\"EntryPoint\",\"urlTemplate\":\"https:\/\/elegantdriver.pro\/?s={search_term_string}\"},\"query-input\":{\"@type\":\"PropertyValueSpecification\",\"valueRequired\":true,\"valueName\":\"search_term_string\"}}],\"inLanguage\":\"fr-FR\"}]}<\/script>\n<!-- \/ Yoast SEO plugin. -->","yoast_head_json":{"title":"Contact Winter D\u00fao - Elegant Driver","robots":{"index":"index","follow":"follow","max-snippet":"max-snippet:-1","max-image-preview":"max-image-preview:large","max-video-preview":"max-video-preview:-1"},"canonical":"https:\/\/elegantdriver.pro\/producto\/contact-winter-duo\/","og_locale":"fr_FR","og_type":"article","og_title":"Contact Winter D\u00fao - Elegant Driver","og_description":"Cours d'initiation \u00e0 la conduite sur neige ou verglas qui am\u00e9liore la confiance du conducteur et le contr\u00f4le du v\u00e9hicule dans des situations de faible adh\u00e9rence. Vous apprendrez \u00e0 ma\u00eetriser le freinage ou le d\u00e9rapage pour am\u00e9liorer votre technique. Recommand\u00e9 pour les conducteurs qui utilisent fr\u00e9quemment le v\u00e9hicule dans des zones enneig\u00e9es et qui souhaitent am\u00e9liorer la s\u00e9curit\u00e9 ou gagner en confiance dans la conduite sur des surfaces glissantes.","og_url":"https:\/\/elegantdriver.pro\/producto\/contact-winter-duo\/","og_site_name":"Elegant Driver","article_publisher":"https:\/\/www.facebook.com\/Elegant-Driver-573677226420084\/","og_image":[{"width":1024,"height":682,"url":"https:\/\/elegant-driver.fra1.digitaloceanspaces.com\/wp-content\/uploads\/2021\/01\/Giand21G121aCohete.jpg","type":"image\/jpeg"}],"twitter_card":"summary_large_image","schema":{"@context":"https:\/\/schema.org","@graph":[{"@type":"WebPage","@id":"https:\/\/elegantdriver.pro\/producto\/contact-winter-duo\/","url":"https:\/\/elegantdriver.pro\/producto\/contact-winter-duo\/","name":"Contact Winter D\u00fao - Elegant Driver","isPartOf":{"@id":"https:\/\/elegantdriver.pro\/#website"},"primaryImageOfPage":{"@id":"https:\/\/elegantdriver.pro\/producto\/contact-winter-duo\/#primaryimage"},"image":{"@id":"https:\/\/elegantdriver.pro\/producto\/contact-winter-duo\/#primaryimage"},"thumbnailUrl":"https:\/\/elegant-driver.fra1.digitaloceanspaces.com\/wp-content\/uploads\/2022\/11\/hyundai-2-activitats-hivern-circuit-andorra-pas-de-la-casa.jpg","datePublished":"2022-12-01T19:19:40+00:00","breadcrumb":{"@id":"https:\/\/elegantdriver.pro\/producto\/contact-winter-duo\/#breadcrumb"},"inLanguage":"fr-FR","potentialAction":[{"@type":"ReadAction","target":["https:\/\/elegantdriver.pro\/producto\/contact-winter-duo\/"]}]},{"@type":"ImageObject","inLanguage":"fr-FR","@id":"https:\/\/elegantdriver.pro\/producto\/contact-winter-duo\/#primaryimage","url":"https:\/\/elegant-driver.fra1.digitaloceanspaces.com\/wp-content\/uploads\/2022\/11\/hyundai-2-activitats-hivern-circuit-andorra-pas-de-la-casa.jpg","contentUrl":"https:\/\/elegant-driver.fra1.digitaloceanspaces.com\/wp-content\/uploads\/2022\/11\/hyundai-2-activitats-hivern-circuit-andorra-pas-de-la-casa.jpg","width":1200,"height":800},{"@type":"BreadcrumbList","@id":"https:\/\/elegantdriver.pro\/producto\/contact-winter-duo\/#breadcrumb","itemListElement":[{"@type":"ListItem","position":1,"name":"Portada","item":"https:\/\/elegantdriver.pro\/fr\/page-daccueil\/"},{"@type":"ListItem","position":2,"name":"Page d&rsquo;accueil","item":"https:\/\/elegantdriver.pro\/fr\/page-daccueil\/"},{"@type":"ListItem","position":3,"name":"Contact Winter D\u00fao"}]},{"@type":"WebSite","@id":"https:\/\/elegantdriver.pro\/#website","url":"https:\/\/elegantdriver.pro\/","name":"Elegant Driver","description":"SPORT-CHIC EXPERIENCES","potentialAction":[{"@type":"SearchAction","target":{"@type":"EntryPoint","urlTemplate":"https:\/\/elegantdriver.pro\/?s={search_term_string}"},"query-input":{"@type":"PropertyValueSpecification","valueRequired":true,"valueName":"search_term_string"}}],"inLanguage":"fr-FR"}]}},"_links":{"self":[{"href":"https:\/\/elegantdriver.pro\/fr\/wp-json\/wp\/v2\/product\/5309","targetHints":{"allow":["GET"]}}],"collection":[{"href":"https:\/\/elegantdriver.pro\/fr\/wp-json\/wp\/v2\/product"}],"about":[{"href":"https:\/\/elegantdriver.pro\/fr\/wp-json\/wp\/v2\/types\/product"}],"replies":[{"embeddable":true,"href":"https:\/\/elegantdriver.pro\/fr\/wp-json\/wp\/v2\/comments?post=5309"}],"wp:featuredmedia":[{"embeddable":true,"href":"https:\/\/elegantdriver.pro\/fr\/wp-json\/wp\/v2\/media\/3837"}],"wp:attachment":[{"href":"https:\/\/elegantdriver.pro\/fr\/wp-json\/wp\/v2\/media?parent=5309"}],"wp:term":[{"taxonomy":"product_brand","embeddable":true,"href":"https:\/\/elegantdriver.pro\/fr\/wp-json\/wp\/v2\/product_brand?post=5309"},{"taxonomy":"product_cat","embeddable":true,"href":"https:\/\/elegantdriver.pro\/fr\/wp-json\/wp\/v2\/product_cat?post=5309"},{"taxonomy":"product_tag","embeddable":true,"href":"https:\/\/elegantdriver.pro\/fr\/wp-json\/wp\/v2\/product_tag?post=5309"}],"curies":[{"name":"wp","href":"https:\/\/api.w.org\/{rel}","templated":true}]}}