{"id":5307,"date":"2022-11-11T12:28:41","date_gmt":"2022-12-01T19:19:06","guid":{"rendered":"https:\/\/elegantdriver.pro\/producto\/sport-4x4-winter\/"},"modified":"2022-12-01T19:19:06","modified_gmt":"2022-12-01T19:19:06","slug":"sport-4x4-winter-2","status":"publish","type":"product","link":"https:\/\/elegantdriver.pro\/fr\/producto\/sport-4x4-winter-2\/","title":{"rendered":"Sport 4&#215;4 Winter"},"content":{"rendered":"","protected":false},"excerpt":{"rendered":"<p>Cours de pilotage sportif avanc\u00e9 sur neige et glace.<br \/>\nLes notions th\u00e9oriques et pratiques sont combin\u00e9es en associant un v\u00e9hicule d\u2019origine, plus tard augment\u00e9 en difficult\u00e9 avec un v\u00e9hicule SBS \u00e9quip\u00e9 de pneus toutes roues motrices.<br \/>\nActivit\u00e9 recommand\u00e9e pour les pilotes exp\u00e9riment\u00e9s qui souhaitent am\u00e9liorer leurs comp\u00e9tences au volant dans des situations avec peu d\u2019adh\u00e9rence tout en se sentant comme un pilote de course.<\/p>\n","protected":false},"featured_media":4009,"comment_status":"open","ping_status":"closed","template":"","meta":{"_et_pb_use_builder":"off","_et_pb_old_content":"","_et_gb_content_width":""},"product_brand":[],"product_cat":[142],"product_tag":[],"class_list":{"0":"post-5307","1":"product","2":"type-product","3":"status-publish","4":"has-post-thumbnail","6":"product_cat-cours","8":"first","9":"instock","10":"virtual","11":"taxable","12":"purchasable","13":"product-type-simple"},"yoast_head":"<!-- This site is optimized with the Yoast SEO plugin v26.9 - https:\/\/yoast.com\/product\/yoast-seo-wordpress\/ -->\n<title>Sport 4x4 Winter - Elegant Driver<\/title>\n<meta name=\"robots\" content=\"index, follow, max-snippet:-1, max-image-preview:large, max-video-preview:-1\" \/>\n<link rel=\"canonical\" href=\"https:\/\/elegantdriver.pro\/producto\/sport-4x4-winter\/\" \/>\n<meta property=\"og:locale\" content=\"fr_FR\" \/>\n<meta property=\"og:type\" content=\"article\" \/>\n<meta property=\"og:title\" content=\"Sport 4x4 Winter - Elegant Driver\" \/>\n<meta property=\"og:description\" content=\"Cours de pilotage sportif avanc\u00e9 sur neige et glace. Les notions th\u00e9oriques et pratiques sont combin\u00e9es en associant un v\u00e9hicule d\u2019origine, plus tard augment\u00e9 en difficult\u00e9 avec un v\u00e9hicule SBS \u00e9quip\u00e9 de pneus toutes roues motrices. Activit\u00e9 recommand\u00e9e pour les pilotes exp\u00e9riment\u00e9s qui souhaitent am\u00e9liorer leurs comp\u00e9tences au volant dans des situations avec peu d\u2019adh\u00e9rence tout en se sentant comme un pilote de course.\" \/>\n<meta property=\"og:url\" content=\"https:\/\/elegantdriver.pro\/producto\/sport-4x4-winter\/\" \/>\n<meta property=\"og:site_name\" content=\"Elegant Driver\" \/>\n<meta property=\"article:publisher\" content=\"https:\/\/www.facebook.com\/Elegant-Driver-573677226420084\/\" \/>\n<meta property=\"og:image\" content=\"https:\/\/elegant-driver.fra1.digitaloceanspaces.com\/wp-content\/uploads\/2021\/01\/Giand21G121aCohete.jpg\" \/>\n\t<meta property=\"og:image:width\" content=\"1024\" \/>\n\t<meta property=\"og:image:height\" content=\"682\" \/>\n\t<meta property=\"og:image:type\" content=\"image\/jpeg\" \/>\n<meta name=\"twitter:card\" content=\"summary_large_image\" \/>\n<script type=\"application\/ld+json\" class=\"yoast-schema-graph\">{\"@context\":\"https:\/\/schema.org\",\"@graph\":[{\"@type\":\"WebPage\",\"@id\":\"https:\/\/elegantdriver.pro\/producto\/sport-4x4-winter\/\",\"url\":\"https:\/\/elegantdriver.pro\/producto\/sport-4x4-winter\/\",\"name\":\"Sport 4x4 Winter - Elegant Driver\",\"isPartOf\":{\"@id\":\"https:\/\/elegantdriver.pro\/#website\"},\"primaryImageOfPage\":{\"@id\":\"https:\/\/elegantdriver.pro\/producto\/sport-4x4-winter\/#primaryimage\"},\"image\":{\"@id\":\"https:\/\/elegantdriver.pro\/producto\/sport-4x4-winter\/#primaryimage\"},\"thumbnailUrl\":\"https:\/\/elegant-driver.fra1.digitaloceanspaces.com\/wp-content\/uploads\/2022\/11\/slide-sport-4x4-winter-activitats-hivern-circuit-andorra-pas-de-la-casa-1.jpg\",\"datePublished\":\"2022-12-01T19:19:06+00:00\",\"breadcrumb\":{\"@id\":\"https:\/\/elegantdriver.pro\/producto\/sport-4x4-winter\/#breadcrumb\"},\"inLanguage\":\"fr-FR\",\"potentialAction\":[{\"@type\":\"ReadAction\",\"target\":[\"https:\/\/elegantdriver.pro\/producto\/sport-4x4-winter\/\"]}]},{\"@type\":\"ImageObject\",\"inLanguage\":\"fr-FR\",\"@id\":\"https:\/\/elegantdriver.pro\/producto\/sport-4x4-winter\/#primaryimage\",\"url\":\"https:\/\/elegant-driver.fra1.digitaloceanspaces.com\/wp-content\/uploads\/2022\/11\/slide-sport-4x4-winter-activitats-hivern-circuit-andorra-pas-de-la-casa-1.jpg\",\"contentUrl\":\"https:\/\/elegant-driver.fra1.digitaloceanspaces.com\/wp-content\/uploads\/2022\/11\/slide-sport-4x4-winter-activitats-hivern-circuit-andorra-pas-de-la-casa-1.jpg\",\"width\":1764,\"height\":900},{\"@type\":\"BreadcrumbList\",\"@id\":\"https:\/\/elegantdriver.pro\/producto\/sport-4x4-winter\/#breadcrumb\",\"itemListElement\":[{\"@type\":\"ListItem\",\"position\":1,\"name\":\"Portada\",\"item\":\"https:\/\/elegantdriver.pro\/fr\/page-daccueil\/\"},{\"@type\":\"ListItem\",\"position\":2,\"name\":\"Page d&rsquo;accueil\",\"item\":\"https:\/\/elegantdriver.pro\/fr\/page-daccueil\/\"},{\"@type\":\"ListItem\",\"position\":3,\"name\":\"Sport 4&#215;4 Winter\"}]},{\"@type\":\"WebSite\",\"@id\":\"https:\/\/elegantdriver.pro\/#website\",\"url\":\"https:\/\/elegantdriver.pro\/\",\"name\":\"Elegant Driver\",\"description\":\"SPORT-CHIC EXPERIENCES\",\"potentialAction\":[{\"@type\":\"SearchAction\",\"target\":{\"@type\":\"EntryPoint\",\"urlTemplate\":\"https:\/\/elegantdriver.pro\/?s={search_term_string}\"},\"query-input\":{\"@type\":\"PropertyValueSpecification\",\"valueRequired\":true,\"valueName\":\"search_term_string\"}}],\"inLanguage\":\"fr-FR\"}]}<\/script>\n<!-- \/ Yoast SEO plugin. -->","yoast_head_json":{"title":"Sport 4x4 Winter - Elegant Driver","robots":{"index":"index","follow":"follow","max-snippet":"max-snippet:-1","max-image-preview":"max-image-preview:large","max-video-preview":"max-video-preview:-1"},"canonical":"https:\/\/elegantdriver.pro\/producto\/sport-4x4-winter\/","og_locale":"fr_FR","og_type":"article","og_title":"Sport 4x4 Winter - Elegant Driver","og_description":"Cours de pilotage sportif avanc\u00e9 sur neige et glace. Les notions th\u00e9oriques et pratiques sont combin\u00e9es en associant un v\u00e9hicule d\u2019origine, plus tard augment\u00e9 en difficult\u00e9 avec un v\u00e9hicule SBS \u00e9quip\u00e9 de pneus toutes roues motrices. Activit\u00e9 recommand\u00e9e pour les pilotes exp\u00e9riment\u00e9s qui souhaitent am\u00e9liorer leurs comp\u00e9tences au volant dans des situations avec peu d\u2019adh\u00e9rence tout en se sentant comme un pilote de course.","og_url":"https:\/\/elegantdriver.pro\/producto\/sport-4x4-winter\/","og_site_name":"Elegant Driver","article_publisher":"https:\/\/www.facebook.com\/Elegant-Driver-573677226420084\/","og_image":[{"width":1024,"height":682,"url":"https:\/\/elegant-driver.fra1.digitaloceanspaces.com\/wp-content\/uploads\/2021\/01\/Giand21G121aCohete.jpg","type":"image\/jpeg"}],"twitter_card":"summary_large_image","schema":{"@context":"https:\/\/schema.org","@graph":[{"@type":"WebPage","@id":"https:\/\/elegantdriver.pro\/producto\/sport-4x4-winter\/","url":"https:\/\/elegantdriver.pro\/producto\/sport-4x4-winter\/","name":"Sport 4x4 Winter - Elegant Driver","isPartOf":{"@id":"https:\/\/elegantdriver.pro\/#website"},"primaryImageOfPage":{"@id":"https:\/\/elegantdriver.pro\/producto\/sport-4x4-winter\/#primaryimage"},"image":{"@id":"https:\/\/elegantdriver.pro\/producto\/sport-4x4-winter\/#primaryimage"},"thumbnailUrl":"https:\/\/elegant-driver.fra1.digitaloceanspaces.com\/wp-content\/uploads\/2022\/11\/slide-sport-4x4-winter-activitats-hivern-circuit-andorra-pas-de-la-casa-1.jpg","datePublished":"2022-12-01T19:19:06+00:00","breadcrumb":{"@id":"https:\/\/elegantdriver.pro\/producto\/sport-4x4-winter\/#breadcrumb"},"inLanguage":"fr-FR","potentialAction":[{"@type":"ReadAction","target":["https:\/\/elegantdriver.pro\/producto\/sport-4x4-winter\/"]}]},{"@type":"ImageObject","inLanguage":"fr-FR","@id":"https:\/\/elegantdriver.pro\/producto\/sport-4x4-winter\/#primaryimage","url":"https:\/\/elegant-driver.fra1.digitaloceanspaces.com\/wp-content\/uploads\/2022\/11\/slide-sport-4x4-winter-activitats-hivern-circuit-andorra-pas-de-la-casa-1.jpg","contentUrl":"https:\/\/elegant-driver.fra1.digitaloceanspaces.com\/wp-content\/uploads\/2022\/11\/slide-sport-4x4-winter-activitats-hivern-circuit-andorra-pas-de-la-casa-1.jpg","width":1764,"height":900},{"@type":"BreadcrumbList","@id":"https:\/\/elegantdriver.pro\/producto\/sport-4x4-winter\/#breadcrumb","itemListElement":[{"@type":"ListItem","position":1,"name":"Portada","item":"https:\/\/elegantdriver.pro\/fr\/page-daccueil\/"},{"@type":"ListItem","position":2,"name":"Page d&rsquo;accueil","item":"https:\/\/elegantdriver.pro\/fr\/page-daccueil\/"},{"@type":"ListItem","position":3,"name":"Sport 4&#215;4 Winter"}]},{"@type":"WebSite","@id":"https:\/\/elegantdriver.pro\/#website","url":"https:\/\/elegantdriver.pro\/","name":"Elegant Driver","description":"SPORT-CHIC EXPERIENCES","potentialAction":[{"@type":"SearchAction","target":{"@type":"EntryPoint","urlTemplate":"https:\/\/elegantdriver.pro\/?s={search_term_string}"},"query-input":{"@type":"PropertyValueSpecification","valueRequired":true,"valueName":"search_term_string"}}],"inLanguage":"fr-FR"}]}},"_links":{"self":[{"href":"https:\/\/elegantdriver.pro\/fr\/wp-json\/wp\/v2\/product\/5307","targetHints":{"allow":["GET"]}}],"collection":[{"href":"https:\/\/elegantdriver.pro\/fr\/wp-json\/wp\/v2\/product"}],"about":[{"href":"https:\/\/elegantdriver.pro\/fr\/wp-json\/wp\/v2\/types\/product"}],"replies":[{"embeddable":true,"href":"https:\/\/elegantdriver.pro\/fr\/wp-json\/wp\/v2\/comments?post=5307"}],"wp:featuredmedia":[{"embeddable":true,"href":"https:\/\/elegantdriver.pro\/fr\/wp-json\/wp\/v2\/media\/4009"}],"wp:attachment":[{"href":"https:\/\/elegantdriver.pro\/fr\/wp-json\/wp\/v2\/media?parent=5307"}],"wp:term":[{"taxonomy":"product_brand","embeddable":true,"href":"https:\/\/elegantdriver.pro\/fr\/wp-json\/wp\/v2\/product_brand?post=5307"},{"taxonomy":"product_cat","embeddable":true,"href":"https:\/\/elegantdriver.pro\/fr\/wp-json\/wp\/v2\/product_cat?post=5307"},{"taxonomy":"product_tag","embeddable":true,"href":"https:\/\/elegantdriver.pro\/fr\/wp-json\/wp\/v2\/product_tag?post=5307"}],"curies":[{"name":"wp","href":"https:\/\/api.w.org\/{rel}","templated":true}]}}