{"id":5153,"date":"2022-11-11T12:21:17","date_gmt":"2022-11-28T15:01:11","guid":{"rendered":"https:\/\/elegantdriver.pro\/producto\/contact-winter-duo\/"},"modified":"2022-11-28T15:01:11","modified_gmt":"2022-11-28T15:01:11","slug":"contact-winter-duo-2","status":"publish","type":"product","link":"https:\/\/elegantdriver.pro\/ca\/producto\/contact-winter-duo-2\/","title":{"rendered":"Contact Winter Duo"},"content":{"rendered":"","protected":false},"excerpt":{"rendered":"<p>Curs d&#8217;iniciaci\u00f3 a la conducci\u00f3 sobre neu o gel que permet millorar la confian\u00e7a del conductor i el control del vehicle davant de situacions de poca adher\u00e8ncia. Aprendr\u00e0s a controlar una frenada o un derrapatge per millorar la teva t\u00e8cnica.<br \/>\nRecomanat a conductors que utilitzen el vehicle amb freq\u00fc\u00e8ncia en zones nevades i desitgin millorar la seguretat o guanyar confian\u00e7a en la conducci\u00f3 sobre superf\u00edcies lliscants.<\/p>\n","protected":false},"featured_media":3837,"comment_status":"open","ping_status":"closed","template":"","meta":{"_et_pb_use_builder":"off","_et_pb_old_content":"","_et_gb_content_width":""},"product_brand":[],"product_cat":[140],"product_tag":[],"class_list":{"0":"post-5153","1":"product","2":"type-product","3":"status-publish","4":"has-post-thumbnail","6":"product_cat-curs","8":"first","9":"instock","10":"virtual","11":"taxable","12":"purchasable","13":"product-type-simple"},"yoast_head":"<!-- This site is optimized with the Yoast SEO plugin v26.9 - https:\/\/yoast.com\/product\/yoast-seo-wordpress\/ -->\n<title>Contact Winter Duo - Elegant Driver<\/title>\n<meta name=\"robots\" content=\"index, follow, max-snippet:-1, max-image-preview:large, max-video-preview:-1\" \/>\n<link rel=\"canonical\" href=\"https:\/\/elegantdriver.pro\/producto\/contact-winter-duo\/\" \/>\n<meta property=\"og:locale\" content=\"ca_ES\" \/>\n<meta property=\"og:type\" content=\"article\" \/>\n<meta property=\"og:title\" content=\"Contact Winter Duo - Elegant Driver\" \/>\n<meta property=\"og:description\" content=\"Curs d&#039;iniciaci\u00f3 a la conducci\u00f3 sobre neu o gel que permet millorar la confian\u00e7a del conductor i el control del vehicle davant de situacions de poca adher\u00e8ncia. Aprendr\u00e0s a controlar una frenada o un derrapatge per millorar la teva t\u00e8cnica. Recomanat a conductors que utilitzen el vehicle amb freq\u00fc\u00e8ncia en zones nevades i desitgin millorar la seguretat o guanyar confian\u00e7a en la conducci\u00f3 sobre superf\u00edcies lliscants.\" \/>\n<meta property=\"og:url\" content=\"https:\/\/elegantdriver.pro\/producto\/contact-winter-duo\/\" \/>\n<meta property=\"og:site_name\" content=\"Elegant Driver\" \/>\n<meta property=\"article:publisher\" content=\"https:\/\/www.facebook.com\/Elegant-Driver-573677226420084\/\" \/>\n<meta property=\"og:image\" content=\"https:\/\/elegant-driver.fra1.digitaloceanspaces.com\/wp-content\/uploads\/2021\/01\/Giand21G121aCohete.jpg\" \/>\n\t<meta property=\"og:image:width\" content=\"1024\" \/>\n\t<meta property=\"og:image:height\" content=\"682\" \/>\n\t<meta property=\"og:image:type\" content=\"image\/jpeg\" \/>\n<meta name=\"twitter:card\" content=\"summary_large_image\" \/>\n<script type=\"application\/ld+json\" class=\"yoast-schema-graph\">{\"@context\":\"https:\/\/schema.org\",\"@graph\":[{\"@type\":\"WebPage\",\"@id\":\"https:\/\/elegantdriver.pro\/producto\/contact-winter-duo\/\",\"url\":\"https:\/\/elegantdriver.pro\/producto\/contact-winter-duo\/\",\"name\":\"Contact Winter Duo - Elegant Driver\",\"isPartOf\":{\"@id\":\"https:\/\/elegantdriver.pro\/#website\"},\"primaryImageOfPage\":{\"@id\":\"https:\/\/elegantdriver.pro\/producto\/contact-winter-duo\/#primaryimage\"},\"image\":{\"@id\":\"https:\/\/elegantdriver.pro\/producto\/contact-winter-duo\/#primaryimage\"},\"thumbnailUrl\":\"https:\/\/elegant-driver.fra1.digitaloceanspaces.com\/wp-content\/uploads\/2022\/11\/hyundai-2-activitats-hivern-circuit-andorra-pas-de-la-casa.jpg\",\"datePublished\":\"2022-11-28T15:01:11+00:00\",\"breadcrumb\":{\"@id\":\"https:\/\/elegantdriver.pro\/producto\/contact-winter-duo\/#breadcrumb\"},\"inLanguage\":\"ca\",\"potentialAction\":[{\"@type\":\"ReadAction\",\"target\":[\"https:\/\/elegantdriver.pro\/producto\/contact-winter-duo\/\"]}]},{\"@type\":\"ImageObject\",\"inLanguage\":\"ca\",\"@id\":\"https:\/\/elegantdriver.pro\/producto\/contact-winter-duo\/#primaryimage\",\"url\":\"https:\/\/elegant-driver.fra1.digitaloceanspaces.com\/wp-content\/uploads\/2022\/11\/hyundai-2-activitats-hivern-circuit-andorra-pas-de-la-casa.jpg\",\"contentUrl\":\"https:\/\/elegant-driver.fra1.digitaloceanspaces.com\/wp-content\/uploads\/2022\/11\/hyundai-2-activitats-hivern-circuit-andorra-pas-de-la-casa.jpg\",\"width\":1200,\"height\":800},{\"@type\":\"BreadcrumbList\",\"@id\":\"https:\/\/elegantdriver.pro\/producto\/contact-winter-duo\/#breadcrumb\",\"itemListElement\":[{\"@type\":\"ListItem\",\"position\":1,\"name\":\"Portada\",\"item\":\"https:\/\/elegantdriver.pro\/ca\/inici\/\"},{\"@type\":\"ListItem\",\"position\":2,\"name\":\"Inici\",\"item\":\"https:\/\/elegantdriver.pro\/ca\/inici\/\"},{\"@type\":\"ListItem\",\"position\":3,\"name\":\"Contact Winter Duo\"}]},{\"@type\":\"WebSite\",\"@id\":\"https:\/\/elegantdriver.pro\/#website\",\"url\":\"https:\/\/elegantdriver.pro\/\",\"name\":\"Elegant Driver\",\"description\":\"SPORT-CHIC EXPERIENCES\",\"potentialAction\":[{\"@type\":\"SearchAction\",\"target\":{\"@type\":\"EntryPoint\",\"urlTemplate\":\"https:\/\/elegantdriver.pro\/?s={search_term_string}\"},\"query-input\":{\"@type\":\"PropertyValueSpecification\",\"valueRequired\":true,\"valueName\":\"search_term_string\"}}],\"inLanguage\":\"ca\"}]}<\/script>\n<!-- \/ Yoast SEO plugin. -->","yoast_head_json":{"title":"Contact Winter Duo - Elegant Driver","robots":{"index":"index","follow":"follow","max-snippet":"max-snippet:-1","max-image-preview":"max-image-preview:large","max-video-preview":"max-video-preview:-1"},"canonical":"https:\/\/elegantdriver.pro\/producto\/contact-winter-duo\/","og_locale":"ca_ES","og_type":"article","og_title":"Contact Winter Duo - Elegant Driver","og_description":"Curs d'iniciaci\u00f3 a la conducci\u00f3 sobre neu o gel que permet millorar la confian\u00e7a del conductor i el control del vehicle davant de situacions de poca adher\u00e8ncia. Aprendr\u00e0s a controlar una frenada o un derrapatge per millorar la teva t\u00e8cnica. Recomanat a conductors que utilitzen el vehicle amb freq\u00fc\u00e8ncia en zones nevades i desitgin millorar la seguretat o guanyar confian\u00e7a en la conducci\u00f3 sobre superf\u00edcies lliscants.","og_url":"https:\/\/elegantdriver.pro\/producto\/contact-winter-duo\/","og_site_name":"Elegant Driver","article_publisher":"https:\/\/www.facebook.com\/Elegant-Driver-573677226420084\/","og_image":[{"width":1024,"height":682,"url":"https:\/\/elegant-driver.fra1.digitaloceanspaces.com\/wp-content\/uploads\/2021\/01\/Giand21G121aCohete.jpg","type":"image\/jpeg"}],"twitter_card":"summary_large_image","schema":{"@context":"https:\/\/schema.org","@graph":[{"@type":"WebPage","@id":"https:\/\/elegantdriver.pro\/producto\/contact-winter-duo\/","url":"https:\/\/elegantdriver.pro\/producto\/contact-winter-duo\/","name":"Contact Winter Duo - Elegant Driver","isPartOf":{"@id":"https:\/\/elegantdriver.pro\/#website"},"primaryImageOfPage":{"@id":"https:\/\/elegantdriver.pro\/producto\/contact-winter-duo\/#primaryimage"},"image":{"@id":"https:\/\/elegantdriver.pro\/producto\/contact-winter-duo\/#primaryimage"},"thumbnailUrl":"https:\/\/elegant-driver.fra1.digitaloceanspaces.com\/wp-content\/uploads\/2022\/11\/hyundai-2-activitats-hivern-circuit-andorra-pas-de-la-casa.jpg","datePublished":"2022-11-28T15:01:11+00:00","breadcrumb":{"@id":"https:\/\/elegantdriver.pro\/producto\/contact-winter-duo\/#breadcrumb"},"inLanguage":"ca","potentialAction":[{"@type":"ReadAction","target":["https:\/\/elegantdriver.pro\/producto\/contact-winter-duo\/"]}]},{"@type":"ImageObject","inLanguage":"ca","@id":"https:\/\/elegantdriver.pro\/producto\/contact-winter-duo\/#primaryimage","url":"https:\/\/elegant-driver.fra1.digitaloceanspaces.com\/wp-content\/uploads\/2022\/11\/hyundai-2-activitats-hivern-circuit-andorra-pas-de-la-casa.jpg","contentUrl":"https:\/\/elegant-driver.fra1.digitaloceanspaces.com\/wp-content\/uploads\/2022\/11\/hyundai-2-activitats-hivern-circuit-andorra-pas-de-la-casa.jpg","width":1200,"height":800},{"@type":"BreadcrumbList","@id":"https:\/\/elegantdriver.pro\/producto\/contact-winter-duo\/#breadcrumb","itemListElement":[{"@type":"ListItem","position":1,"name":"Portada","item":"https:\/\/elegantdriver.pro\/ca\/inici\/"},{"@type":"ListItem","position":2,"name":"Inici","item":"https:\/\/elegantdriver.pro\/ca\/inici\/"},{"@type":"ListItem","position":3,"name":"Contact Winter Duo"}]},{"@type":"WebSite","@id":"https:\/\/elegantdriver.pro\/#website","url":"https:\/\/elegantdriver.pro\/","name":"Elegant Driver","description":"SPORT-CHIC EXPERIENCES","potentialAction":[{"@type":"SearchAction","target":{"@type":"EntryPoint","urlTemplate":"https:\/\/elegantdriver.pro\/?s={search_term_string}"},"query-input":{"@type":"PropertyValueSpecification","valueRequired":true,"valueName":"search_term_string"}}],"inLanguage":"ca"}]}},"_links":{"self":[{"href":"https:\/\/elegantdriver.pro\/ca\/wp-json\/wp\/v2\/product\/5153","targetHints":{"allow":["GET"]}}],"collection":[{"href":"https:\/\/elegantdriver.pro\/ca\/wp-json\/wp\/v2\/product"}],"about":[{"href":"https:\/\/elegantdriver.pro\/ca\/wp-json\/wp\/v2\/types\/product"}],"replies":[{"embeddable":true,"href":"https:\/\/elegantdriver.pro\/ca\/wp-json\/wp\/v2\/comments?post=5153"}],"wp:featuredmedia":[{"embeddable":true,"href":"https:\/\/elegantdriver.pro\/ca\/wp-json\/wp\/v2\/media\/3837"}],"wp:attachment":[{"href":"https:\/\/elegantdriver.pro\/ca\/wp-json\/wp\/v2\/media?parent=5153"}],"wp:term":[{"taxonomy":"product_brand","embeddable":true,"href":"https:\/\/elegantdriver.pro\/ca\/wp-json\/wp\/v2\/product_brand?post=5153"},{"taxonomy":"product_cat","embeddable":true,"href":"https:\/\/elegantdriver.pro\/ca\/wp-json\/wp\/v2\/product_cat?post=5153"},{"taxonomy":"product_tag","embeddable":true,"href":"https:\/\/elegantdriver.pro\/ca\/wp-json\/wp\/v2\/product_tag?post=5153"}],"curies":[{"name":"wp","href":"https:\/\/api.w.org\/{rel}","templated":true}]}}