{"id":5151,"date":"2022-11-11T12:28:41","date_gmt":"2022-11-28T14:55:35","guid":{"rendered":"https:\/\/elegantdriver.pro\/producto\/sport-4x4-winter\/"},"modified":"2022-11-28T14:55:35","modified_gmt":"2022-11-28T14:55:35","slug":"sport-4x4-winter-2","status":"publish","type":"product","link":"https:\/\/elegantdriver.pro\/ca\/producto\/sport-4x4-winter-2\/","title":{"rendered":"Sport 4&#215;4 Winter"},"content":{"rendered":"","protected":false},"excerpt":{"rendered":"<p>Curs avan\u00e7at de conducci\u00f3 esportiva sobre neu i gel.<br \/>\nEs combinen nocions te\u00f2riques i practiques combinant un vehicle d\u2019origen, augmentat posteriorment la dificultat amb un vehicle SBS equipat amb pneum\u00e0tics de claus de tracci\u00f3 integral.<br \/>\nActivitat recomanada a conductors amb experi\u00e8ncia que volen millorar les aptituds al volant en situacions de poc adher\u00e8ncia tenint sensacions d\u2019un pilot de carreres.<\/p>\n","protected":false},"featured_media":4009,"comment_status":"open","ping_status":"closed","template":"","meta":{"_et_pb_use_builder":"off","_et_pb_old_content":"","_et_gb_content_width":""},"product_brand":[],"product_cat":[140],"product_tag":[],"class_list":{"0":"post-5151","1":"product","2":"type-product","3":"status-publish","4":"has-post-thumbnail","6":"product_cat-curs","8":"first","9":"instock","10":"virtual","11":"taxable","12":"purchasable","13":"product-type-simple"},"yoast_head":"<!-- This site is optimized with the Yoast SEO plugin v26.9 - https:\/\/yoast.com\/product\/yoast-seo-wordpress\/ -->\n<title>Sport 4x4 Winter - Elegant Driver<\/title>\n<meta name=\"robots\" content=\"index, follow, max-snippet:-1, max-image-preview:large, max-video-preview:-1\" \/>\n<link rel=\"canonical\" href=\"https:\/\/elegantdriver.pro\/producto\/sport-4x4-winter\/\" \/>\n<meta property=\"og:locale\" content=\"ca_ES\" \/>\n<meta property=\"og:type\" content=\"article\" \/>\n<meta property=\"og:title\" content=\"Sport 4x4 Winter - Elegant Driver\" \/>\n<meta property=\"og:description\" content=\"Curs avan\u00e7at de conducci\u00f3 esportiva sobre neu i gel. Es combinen nocions te\u00f2riques i practiques combinant un vehicle d\u2019origen, augmentat posteriorment la dificultat amb un vehicle SBS equipat amb pneum\u00e0tics de claus de tracci\u00f3 integral. Activitat recomanada a conductors amb experi\u00e8ncia que volen millorar les aptituds al volant en situacions de poc adher\u00e8ncia tenint sensacions d\u2019un pilot de carreres.\" \/>\n<meta property=\"og:url\" content=\"https:\/\/elegantdriver.pro\/producto\/sport-4x4-winter\/\" \/>\n<meta property=\"og:site_name\" content=\"Elegant Driver\" \/>\n<meta property=\"article:publisher\" content=\"https:\/\/www.facebook.com\/Elegant-Driver-573677226420084\/\" \/>\n<meta property=\"og:image\" content=\"https:\/\/elegant-driver.fra1.digitaloceanspaces.com\/wp-content\/uploads\/2021\/01\/Giand21G121aCohete.jpg\" \/>\n\t<meta property=\"og:image:width\" content=\"1024\" \/>\n\t<meta property=\"og:image:height\" content=\"682\" \/>\n\t<meta property=\"og:image:type\" content=\"image\/jpeg\" \/>\n<meta name=\"twitter:card\" content=\"summary_large_image\" \/>\n<script type=\"application\/ld+json\" class=\"yoast-schema-graph\">{\"@context\":\"https:\/\/schema.org\",\"@graph\":[{\"@type\":\"WebPage\",\"@id\":\"https:\/\/elegantdriver.pro\/producto\/sport-4x4-winter\/\",\"url\":\"https:\/\/elegantdriver.pro\/producto\/sport-4x4-winter\/\",\"name\":\"Sport 4x4 Winter - Elegant Driver\",\"isPartOf\":{\"@id\":\"https:\/\/elegantdriver.pro\/#website\"},\"primaryImageOfPage\":{\"@id\":\"https:\/\/elegantdriver.pro\/producto\/sport-4x4-winter\/#primaryimage\"},\"image\":{\"@id\":\"https:\/\/elegantdriver.pro\/producto\/sport-4x4-winter\/#primaryimage\"},\"thumbnailUrl\":\"https:\/\/elegant-driver.fra1.digitaloceanspaces.com\/wp-content\/uploads\/2022\/11\/slide-sport-4x4-winter-activitats-hivern-circuit-andorra-pas-de-la-casa-1.jpg\",\"datePublished\":\"2022-11-28T14:55:35+00:00\",\"breadcrumb\":{\"@id\":\"https:\/\/elegantdriver.pro\/producto\/sport-4x4-winter\/#breadcrumb\"},\"inLanguage\":\"ca\",\"potentialAction\":[{\"@type\":\"ReadAction\",\"target\":[\"https:\/\/elegantdriver.pro\/producto\/sport-4x4-winter\/\"]}]},{\"@type\":\"ImageObject\",\"inLanguage\":\"ca\",\"@id\":\"https:\/\/elegantdriver.pro\/producto\/sport-4x4-winter\/#primaryimage\",\"url\":\"https:\/\/elegant-driver.fra1.digitaloceanspaces.com\/wp-content\/uploads\/2022\/11\/slide-sport-4x4-winter-activitats-hivern-circuit-andorra-pas-de-la-casa-1.jpg\",\"contentUrl\":\"https:\/\/elegant-driver.fra1.digitaloceanspaces.com\/wp-content\/uploads\/2022\/11\/slide-sport-4x4-winter-activitats-hivern-circuit-andorra-pas-de-la-casa-1.jpg\",\"width\":1764,\"height\":900},{\"@type\":\"BreadcrumbList\",\"@id\":\"https:\/\/elegantdriver.pro\/producto\/sport-4x4-winter\/#breadcrumb\",\"itemListElement\":[{\"@type\":\"ListItem\",\"position\":1,\"name\":\"Portada\",\"item\":\"https:\/\/elegantdriver.pro\/ca\/inici\/\"},{\"@type\":\"ListItem\",\"position\":2,\"name\":\"Inici\",\"item\":\"https:\/\/elegantdriver.pro\/ca\/inici\/\"},{\"@type\":\"ListItem\",\"position\":3,\"name\":\"Sport 4&#215;4 Winter\"}]},{\"@type\":\"WebSite\",\"@id\":\"https:\/\/elegantdriver.pro\/#website\",\"url\":\"https:\/\/elegantdriver.pro\/\",\"name\":\"Elegant Driver\",\"description\":\"SPORT-CHIC EXPERIENCES\",\"potentialAction\":[{\"@type\":\"SearchAction\",\"target\":{\"@type\":\"EntryPoint\",\"urlTemplate\":\"https:\/\/elegantdriver.pro\/?s={search_term_string}\"},\"query-input\":{\"@type\":\"PropertyValueSpecification\",\"valueRequired\":true,\"valueName\":\"search_term_string\"}}],\"inLanguage\":\"ca\"}]}<\/script>\n<!-- \/ Yoast SEO plugin. -->","yoast_head_json":{"title":"Sport 4x4 Winter - Elegant Driver","robots":{"index":"index","follow":"follow","max-snippet":"max-snippet:-1","max-image-preview":"max-image-preview:large","max-video-preview":"max-video-preview:-1"},"canonical":"https:\/\/elegantdriver.pro\/producto\/sport-4x4-winter\/","og_locale":"ca_ES","og_type":"article","og_title":"Sport 4x4 Winter - Elegant Driver","og_description":"Curs avan\u00e7at de conducci\u00f3 esportiva sobre neu i gel. Es combinen nocions te\u00f2riques i practiques combinant un vehicle d\u2019origen, augmentat posteriorment la dificultat amb un vehicle SBS equipat amb pneum\u00e0tics de claus de tracci\u00f3 integral. Activitat recomanada a conductors amb experi\u00e8ncia que volen millorar les aptituds al volant en situacions de poc adher\u00e8ncia tenint sensacions d\u2019un pilot de carreres.","og_url":"https:\/\/elegantdriver.pro\/producto\/sport-4x4-winter\/","og_site_name":"Elegant Driver","article_publisher":"https:\/\/www.facebook.com\/Elegant-Driver-573677226420084\/","og_image":[{"width":1024,"height":682,"url":"https:\/\/elegant-driver.fra1.digitaloceanspaces.com\/wp-content\/uploads\/2021\/01\/Giand21G121aCohete.jpg","type":"image\/jpeg"}],"twitter_card":"summary_large_image","schema":{"@context":"https:\/\/schema.org","@graph":[{"@type":"WebPage","@id":"https:\/\/elegantdriver.pro\/producto\/sport-4x4-winter\/","url":"https:\/\/elegantdriver.pro\/producto\/sport-4x4-winter\/","name":"Sport 4x4 Winter - Elegant Driver","isPartOf":{"@id":"https:\/\/elegantdriver.pro\/#website"},"primaryImageOfPage":{"@id":"https:\/\/elegantdriver.pro\/producto\/sport-4x4-winter\/#primaryimage"},"image":{"@id":"https:\/\/elegantdriver.pro\/producto\/sport-4x4-winter\/#primaryimage"},"thumbnailUrl":"https:\/\/elegant-driver.fra1.digitaloceanspaces.com\/wp-content\/uploads\/2022\/11\/slide-sport-4x4-winter-activitats-hivern-circuit-andorra-pas-de-la-casa-1.jpg","datePublished":"2022-11-28T14:55:35+00:00","breadcrumb":{"@id":"https:\/\/elegantdriver.pro\/producto\/sport-4x4-winter\/#breadcrumb"},"inLanguage":"ca","potentialAction":[{"@type":"ReadAction","target":["https:\/\/elegantdriver.pro\/producto\/sport-4x4-winter\/"]}]},{"@type":"ImageObject","inLanguage":"ca","@id":"https:\/\/elegantdriver.pro\/producto\/sport-4x4-winter\/#primaryimage","url":"https:\/\/elegant-driver.fra1.digitaloceanspaces.com\/wp-content\/uploads\/2022\/11\/slide-sport-4x4-winter-activitats-hivern-circuit-andorra-pas-de-la-casa-1.jpg","contentUrl":"https:\/\/elegant-driver.fra1.digitaloceanspaces.com\/wp-content\/uploads\/2022\/11\/slide-sport-4x4-winter-activitats-hivern-circuit-andorra-pas-de-la-casa-1.jpg","width":1764,"height":900},{"@type":"BreadcrumbList","@id":"https:\/\/elegantdriver.pro\/producto\/sport-4x4-winter\/#breadcrumb","itemListElement":[{"@type":"ListItem","position":1,"name":"Portada","item":"https:\/\/elegantdriver.pro\/ca\/inici\/"},{"@type":"ListItem","position":2,"name":"Inici","item":"https:\/\/elegantdriver.pro\/ca\/inici\/"},{"@type":"ListItem","position":3,"name":"Sport 4&#215;4 Winter"}]},{"@type":"WebSite","@id":"https:\/\/elegantdriver.pro\/#website","url":"https:\/\/elegantdriver.pro\/","name":"Elegant Driver","description":"SPORT-CHIC EXPERIENCES","potentialAction":[{"@type":"SearchAction","target":{"@type":"EntryPoint","urlTemplate":"https:\/\/elegantdriver.pro\/?s={search_term_string}"},"query-input":{"@type":"PropertyValueSpecification","valueRequired":true,"valueName":"search_term_string"}}],"inLanguage":"ca"}]}},"_links":{"self":[{"href":"https:\/\/elegantdriver.pro\/ca\/wp-json\/wp\/v2\/product\/5151","targetHints":{"allow":["GET"]}}],"collection":[{"href":"https:\/\/elegantdriver.pro\/ca\/wp-json\/wp\/v2\/product"}],"about":[{"href":"https:\/\/elegantdriver.pro\/ca\/wp-json\/wp\/v2\/types\/product"}],"replies":[{"embeddable":true,"href":"https:\/\/elegantdriver.pro\/ca\/wp-json\/wp\/v2\/comments?post=5151"}],"wp:featuredmedia":[{"embeddable":true,"href":"https:\/\/elegantdriver.pro\/ca\/wp-json\/wp\/v2\/media\/4009"}],"wp:attachment":[{"href":"https:\/\/elegantdriver.pro\/ca\/wp-json\/wp\/v2\/media?parent=5151"}],"wp:term":[{"taxonomy":"product_brand","embeddable":true,"href":"https:\/\/elegantdriver.pro\/ca\/wp-json\/wp\/v2\/product_brand?post=5151"},{"taxonomy":"product_cat","embeddable":true,"href":"https:\/\/elegantdriver.pro\/ca\/wp-json\/wp\/v2\/product_cat?post=5151"},{"taxonomy":"product_tag","embeddable":true,"href":"https:\/\/elegantdriver.pro\/ca\/wp-json\/wp\/v2\/product_tag?post=5151"}],"curies":[{"name":"wp","href":"https:\/\/api.w.org\/{rel}","templated":true}]}}