{"id":5116,"date":"2022-11-28T13:26:58","date_gmt":"2022-11-28T13:26:58","guid":{"rendered":"https:\/\/elegantdriver.pro\/avis-legal\/"},"modified":"2022-11-28T13:26:59","modified_gmt":"2022-11-28T13:26:59","slug":"avis-legal","status":"publish","type":"page","link":"https:\/\/elegantdriver.pro\/ca\/avis-legal\/","title":{"rendered":"Av\u00eds Legal"},"content":{"rendered":"<p>[et_pb_section fb_built=&#8221;1&#8243; admin_label=&#8221;Aviso Legal&#8221; _builder_version=&#8221;4.4.2&#8243; da_disable_devices=&#8221;off|off|off&#8221; collapsed=&#8221;on&#8221; global_colors_info=&#8221;{}&#8221; da_is_popup=&#8221;off&#8221; da_exit_intent=&#8221;off&#8221; da_has_close=&#8221;on&#8221; da_alt_close=&#8221;off&#8221; da_dark_close=&#8221;off&#8221; da_not_modal=&#8221;on&#8221; da_is_singular=&#8221;off&#8221; da_with_loader=&#8221;off&#8221; da_has_shadow=&#8221;on&#8221;][et_pb_row _builder_version=&#8221;4.4.2&#8243; global_colors_info=&#8221;{}&#8221;][et_pb_column type=&#8221;4_4&#8243; _builder_version=&#8221;4.4.2&#8243; global_colors_info=&#8221;{}&#8221;][et_pb_text _builder_version=&#8221;4.13.1&#8243; header_font=&#8221;|800|||||||&#8221; header_line_height=&#8221;1.5em&#8221; header_2_font=&#8221;|600||on|||||&#8221; header_2_text_color=&#8221;#7f7f7f&#8221; header_2_font_size=&#8221;17px&#8221; header_2_letter_spacing=&#8221;1px&#8221; header_2_line_height=&#8221;1.2em&#8221; hover_enabled=&#8221;0&#8243; global_colors_info=&#8221;{}&#8221; sticky_enabled=&#8221;0&#8243;]<\/p>\n<h1>Av\u00eds Legal<\/h1>\n<p>&nbsp;<\/p>\n<h2>Datos del Responsable<\/h2>\n<ul>\n<li><strong>Identidad del Responsable:<\/strong> Team Elegant Driver SL<\/li>\n<li><strong>Nombre comercial:<\/strong> Elegant Driver<\/li>\n<li><strong>NIF\/CIF: <\/strong>L-714311-Z<\/li>\n<li><strong>Direcci\u00f3n:<\/strong> Aparcament El Tarter \u2013 Edifici residencial Malyon \u2013 Atic 2<\/li>\n<li><strong>Correo electr\u00f3nico:<\/strong> team@elegantdriver.pro<\/li>\n<li><strong>Actividad:<\/strong> P\u00e1gina de informaci\u00f3n comercial<\/li>\n<\/ul>\n<p>En este espacio, el usuario, podr\u00e1 encontrar toda la informaci\u00f3n relativa a los t\u00e9rminos y condiciones legales que definen las relaciones entre los usuarios y yo como responsable de esta web. Como usuario, es importante que conozcas estos t\u00e9rminos antes de continuar tu navegaci\u00f3n.<\/p>\n<p>ELEGANT DRIVER SL como responsable de esta web, asumo el compromiso de procesar la informaci\u00f3n de mis usuarios y clientes con plenas garant\u00edas y cumplir con los requisitos nacionales y europeos que regulan la recopilaci\u00f3n y uso de los datos personales de mis usuarios.<\/p>\n<p>Esta web, por tanto, cumple rigurosamente con La Ley Org\u00e1nica 15\/1999, de 13 de diciembre, de Protecci\u00f3n de Datos de Car\u00e1cter Personal (LOPD), y con el Real Decreto 1720\/2007, de 21 de diciembre, conocido como el Reglamento de desarrollo de la LOPD. Cumple tambi\u00e9n con el Reglamento (UE) 2016\/679 del Parlamento Europeo y del Consejo de 27 de abril de 2016 relativo a la protecci\u00f3n de las personas f\u00edsicas (RGPD), as\u00ed como con la Ley 34\/2002, de 11 de julio, de Servicios de la Sociedad de la Informaci\u00f3n y Comercio Electr\u00f3nico (LSSICE \u00f3 LSSI).<\/p>\n<p>&nbsp;<\/p>\n<h2>Condiciones generales de uso<\/h2>\n<p>Las presentes Condiciones Generales regulan el uso (incluyendo el mero acceso) de las p\u00e1ginas de web, integrantes del sitio web de ELEGANT DRIVER SL incluidos los contenidos y servicios puestos a disposici\u00f3n en ellas. Toda persona que acceda a la web, http:\/\/elegantdriver.pro acepta someterse a las Condiciones Generales vigentes en cada momento del portal <a href=\"http:\/\/elegantdriver.pro\">http:\/\/elegantdriver.pro<\/a>.<\/p>\n<h2><\/h2>\n<h2>Datos personales que recabo y c\u00f3mo lo hago<\/h2>\n<p>Leer <a href=\"\/politica-privacidad\/\">Pol\u00edtica de Privacidad.<\/a><\/p>\n<h2><\/h2>\n<h2>Compromisos y obligaciones de los usuarios<\/h2>\n<p>El usuario queda informado, y acepta, que el acceso a la presente web no supone, en modo alguno, el inicio de una relaci\u00f3n comercial con ELEGANT DRIVER SL. De esta forma, el usuario se compromete a utilizar el sitio web, sus servicios y contenidos sin contravenir la legislaci\u00f3n vigente, la buena fe y el orden p\u00fablico.<\/p>\n<p>Queda prohibido el uso de la web, con fines il\u00edcitos o lesivos, o que, de cualquier forma, puedan causar perjuicio o impedir el normal funcionamiento del sitio web. Respecto de los contenidos de esta web, se proh\u00edbe:<\/p>\n<ul>\n<li>Su reproducci\u00f3n, distribuci\u00f3n o modificaci\u00f3n, total o parcial, cuando el objetivo es un mal uso del contenido.<\/li>\n<li>Cualquier vulneraci\u00f3n de los derechos del prestador o de mi como leg\u00edtimo titular.<\/li>\n<li>Su utilizaci\u00f3n para fines comerciales o publicitarios.<\/li>\n<\/ul>\n<p>En la utilizaci\u00f3n de la web, http:\/\/elegantdriver.pro el usuario se compromete a no llevar a cabo ninguna conducta que pudiera da\u00f1ar la imagen, los intereses y los derechos de ELEGANT DRIVER SL o de terceros o que pudiera da\u00f1ar, inutilizar o sobrecargar el portal http:\/\/elegantdriver.pro o que impidiera, de cualquier forma, la normal utilizaci\u00f3n de la web.<\/p>\n<p>No obstante, el usuario debe ser consciente de que las medidas de seguridad de los sistemas inform\u00e1ticos en Internet no son enteramente fiables y que, por tanto http:\/\/elegantdriver.pro no puede garantizar la inexistencia de malware u otros elementos que puedan producir alteraciones en los sistemas inform\u00e1ticos (software y hardware) del usuario o en sus documentos electr\u00f3nicos y ficheros contenidos en los mismos aunque pongo todos los medios necesarios y las medidas de seguridad oportunas para evitar la presencia de estos elementos da\u00f1inos.<\/p>\n<h2><\/h2>\n<h2>Medidas de seguridad<\/h2>\n<p>Los datos personales comunicados por el usuario a ELEGANT DRIVER SL pueden ser almacenados en bases de datos automatizadas o no, cuya titularidad corresponde en exclusiva a ELEGANT DRIVER SL, sin embargo no se asumen todas las medidas de \u00edndole t\u00e9cnica, organizativa y de seguridad que garantizan la confidencialidad, integridad y calidad de la informaci\u00f3n contenida en las mismas de acuerdo con lo establecido en la normativa vigente en protecci\u00f3n de datos, debido a que existen datos de car\u00e1cter personal que se alojan en servidores de terceros \u00bfA qu\u00e9 destinatarios se comunicar\u00e1n tus datos? Ver Pol\u00edtica de Privacidad. La comunicaci\u00f3n entre los usuarios y http:\/\/elegantdriver.pro utiliza un canal seguro, y los datos transmitidos son cifrados gracias a protocolos a https, por tanto, garantizo las mejores condiciones de seguridad para que la confidencialidad de los usuarios est\u00e9 garantizada.<\/p>\n<h2><\/h2>\n<h2>Plataforma de resoluci\u00f3n de conflictos<\/h2>\n<p>Pongo tambi\u00e9n a disposici\u00f3n de los usuarios la plataforma de resoluci\u00f3n de litigios que facilita la Comisi\u00f3n Europea y que se encuentra disponible en el siguiente enlace:<\/p>\n<h2><\/h2>\n<h2>Derechos de propiedad intelectual e industrial<\/h2>\n<p>En virtud de lo dispuesto en los art\u00edculos 8 y 32.1, p\u00e1rrafo segundo, de la Ley de Propiedad Intelectual, quedan expresamente prohibidas la reproducci\u00f3n, la distribuci\u00f3n y la comunicaci\u00f3n p\u00fablica, incluida su modalidad de puesta a disposici\u00f3n, de la totalidad o parte de los contenidos de esta p\u00e1gina web, con fines comerciales, en cualquier soporte y por cualquier medio t\u00e9cnico, sin la autorizaci\u00f3n de ELEGANT DRIVER SL. El usuario se compromete a respetar los derechos de Propiedad Intelectual e Industrial titularidad de ELEGANT DRIVER SL.<\/p>\n<p>El usuario conoce y acepta que la totalidad del sitio web, conteniendo sin car\u00e1cter exhaustivo el texto, software, contenidos (incluyendo estructura, selecci\u00f3n, ordenaci\u00f3n y presentaci\u00f3n de los mismos) podcast, fotograf\u00edas, material audiovisual y gr\u00e1ficos, est\u00e1 protegida por marcas, derechos de autor y otros derechos leg\u00edtimos, de acuerdo con los tratados internacionales en los que Espa\u00f1a es parte y otros derechos de propiedad y leyes de Espa\u00f1a.<\/p>\n<p>En el caso de que un usuario o un tercero consideren que se ha producido una violaci\u00f3n de sus leg\u00edtimos derechos de propiedad intelectual por la introducci\u00f3n de un determinado contenido en la web, deber\u00e1 notificar dicha circunstancia a ELEGANT DRIVER SL indicando:<\/p>\n<ul>\n<li>Datos personales del interesado titular de los derechos presuntamente infringidos, o indicar la representaci\u00f3n con la que act\u00faa en caso de que la reclamaci\u00f3n la presente un tercero distinto del interesado.<\/li>\n<li>Se\u00f1alar los contenidos protegidos por los derechos de propiedad intelectual y su ubicaci\u00f3n en la web, la acreditaci\u00f3n de los derechos de propiedad intelectual se\u00f1alados y declaraci\u00f3n expresa en la que el interesado se responsabiliza de la veracidad de las informaciones facilitadas en la notificaci\u00f3n.<\/li>\n<\/ul>\n<h2><\/h2>\n<h2>Enlaces externos<\/h2>\n<p>Las p\u00e1ginas de la web <a href=\"http:\/\/elegantdriver.pro\">http:\/\/elegantdriver.pro<\/a> proporciona enlaces a otros sitios web propios y contenidos que son propiedad de terceros tales como:<\/p>\n<ul>\n<li>Contenido de otros blogs<\/li>\n<li>Herramientas<\/li>\n<li>Recursos<\/li>\n<\/ul>\n<h2><\/h2>\n<h2>Exclusi\u00f3n de garant\u00edas y responsable<\/h2>\n<p><strong>ELEGANT DRIVER SL no otorga ninguna garant\u00eda ni se hace responsable, en ning\u00fan caso, de los da\u00f1os y perjuicios de cualquier naturaleza que pudieran traer causa de: <\/strong><\/p>\n<ul>\n<li>La falta de disponibilidad, mantenimiento y efectivo funcionamiento de la web, o de sus servicios y contenidos;<\/li>\n<li>La existencia de malware, programas maliciosos o lesivos en los contenidos; El uso il\u00edcito, negligente, fraudulento o contrario a este Aviso Legal;<\/li>\n<li>La falta de licitud, calidad, fiabilidad, utilidad y disponibilidad de los servicios prestados por terceros y puestos a disposici\u00f3n de los usuarios en el sitio web.<\/li>\n<li>El prestador no se hace responsable bajo ning\u00fan concepto de los da\u00f1os que pudieran dimanar del uso ilegal o indebido de la presente p\u00e1gina web.<\/li>\n<\/ul>\n<h2><\/h2>\n<h2>Ley aplicable y jurisdicci\u00f3n<\/h2>\n<p>El presente AVISO LEGAL as\u00ed como el resto de los contenidos del website se rigen por las leyes espa\u00f1olas, quedando sometida a la jurisdicci\u00f3n de los Tribunales de Islas Baleares cualquier disputa, reclamaci\u00f3n o controversia sobre los mismos.<\/p>\n<h2><\/h2>\n<h2>Contacto<\/h2>\n<p>En caso de que cualquier usuario tuviese alguna duda acerca de estas Condiciones legales o cualquier comentario sobre el portal http:\/\/elegantdriver.pro, por favor dir\u00edjase a team@elegantdriver.pro.<\/p>\n<p>[\/et_pb_text][\/et_pb_column][\/et_pb_row][\/et_pb_section]<\/p>\n","protected":false},"excerpt":{"rendered":"<p>Av\u00eds Legal &nbsp; Datos del Responsable Identidad del Responsable: Team Elegant Driver SL Nombre comercial: Elegant Driver NIF\/CIF: L-714311-Z Direcci\u00f3n: Aparcament El Tarter \u2013 Edifici residencial Malyon \u2013 Atic 2 Correo electr\u00f3nico: team@elegantdriver.pro Actividad: P\u00e1gina de informaci\u00f3n comercial En este espacio, el usuario, podr\u00e1 encontrar toda la informaci\u00f3n relativa a los t\u00e9rminos y condiciones legales [&hellip;]<\/p>\n","protected":false},"author":1,"featured_media":0,"parent":0,"menu_order":0,"comment_status":"closed","ping_status":"closed","template":"","meta":{"_et_pb_use_builder":"on","_et_pb_old_content":"","_et_gb_content_width":"","footnotes":""},"class_list":["post-5116","page","type-page","status-publish","hentry"],"yoast_head":"<!-- This site is optimized with the Yoast SEO plugin v26.9 - https:\/\/yoast.com\/product\/yoast-seo-wordpress\/ -->\n<title>Av\u00eds Legal - Elegant Driver<\/title>\n<meta name=\"robots\" content=\"index, follow, max-snippet:-1, max-image-preview:large, max-video-preview:-1\" \/>\n<link rel=\"canonical\" href=\"https:\/\/elegantdriver.pro\/ca\/avis-legal\/\" \/>\n<meta property=\"og:locale\" content=\"ca_ES\" \/>\n<meta property=\"og:type\" content=\"article\" \/>\n<meta property=\"og:title\" content=\"Av\u00eds Legal - Elegant Driver\" \/>\n<meta property=\"og:description\" content=\"Av\u00eds Legal &nbsp; Datos del Responsable Identidad del Responsable: Team Elegant Driver SL Nombre comercial: Elegant Driver NIF\/CIF: L-714311-Z Direcci\u00f3n: Aparcament El Tarter \u2013 Edifici residencial Malyon \u2013 Atic 2 Correo electr\u00f3nico: team@elegantdriver.pro Actividad: P\u00e1gina de informaci\u00f3n comercial En este espacio, el usuario, podr\u00e1 encontrar toda la informaci\u00f3n relativa a los t\u00e9rminos y condiciones legales [&hellip;]\" \/>\n<meta property=\"og:url\" content=\"https:\/\/elegantdriver.pro\/ca\/avis-legal\/\" \/>\n<meta property=\"og:site_name\" content=\"Elegant Driver\" \/>\n<meta property=\"article:publisher\" content=\"https:\/\/www.facebook.com\/Elegant-Driver-573677226420084\/\" \/>\n<meta property=\"article:modified_time\" content=\"2022-11-28T13:26:59+00:00\" \/>\n<meta property=\"og:image\" content=\"https:\/\/elegant-driver.fra1.digitaloceanspaces.com\/wp-content\/uploads\/2021\/01\/Giand21G121aCohete.jpg\" \/>\n\t<meta property=\"og:image:width\" content=\"1024\" \/>\n\t<meta property=\"og:image:height\" content=\"682\" \/>\n\t<meta property=\"og:image:type\" content=\"image\/jpeg\" \/>\n<meta name=\"twitter:card\" content=\"summary_large_image\" \/>\n<meta name=\"twitter:label1\" content=\"Temps estimat de lectura\" \/>\n\t<meta name=\"twitter:data1\" content=\"7 minuts\" \/>\n<script type=\"application\/ld+json\" class=\"yoast-schema-graph\">{\"@context\":\"https:\/\/schema.org\",\"@graph\":[{\"@type\":\"WebPage\",\"@id\":\"https:\/\/elegantdriver.pro\/ca\/avis-legal\/\",\"url\":\"https:\/\/elegantdriver.pro\/ca\/avis-legal\/\",\"name\":\"Av\u00eds Legal - Elegant Driver\",\"isPartOf\":{\"@id\":\"https:\/\/elegantdriver.pro\/#website\"},\"datePublished\":\"2022-11-28T13:26:58+00:00\",\"dateModified\":\"2022-11-28T13:26:59+00:00\",\"breadcrumb\":{\"@id\":\"https:\/\/elegantdriver.pro\/ca\/avis-legal\/#breadcrumb\"},\"inLanguage\":\"ca\",\"potentialAction\":[{\"@type\":\"ReadAction\",\"target\":[\"https:\/\/elegantdriver.pro\/ca\/avis-legal\/\"]}]},{\"@type\":\"BreadcrumbList\",\"@id\":\"https:\/\/elegantdriver.pro\/ca\/avis-legal\/#breadcrumb\",\"itemListElement\":[{\"@type\":\"ListItem\",\"position\":1,\"name\":\"Portada\",\"item\":\"https:\/\/elegantdriver.pro\/ca\/inici\/\"},{\"@type\":\"ListItem\",\"position\":2,\"name\":\"Av\u00eds Legal\"}]},{\"@type\":\"WebSite\",\"@id\":\"https:\/\/elegantdriver.pro\/#website\",\"url\":\"https:\/\/elegantdriver.pro\/\",\"name\":\"Elegant Driver\",\"description\":\"SPORT-CHIC EXPERIENCES\",\"potentialAction\":[{\"@type\":\"SearchAction\",\"target\":{\"@type\":\"EntryPoint\",\"urlTemplate\":\"https:\/\/elegantdriver.pro\/?s={search_term_string}\"},\"query-input\":{\"@type\":\"PropertyValueSpecification\",\"valueRequired\":true,\"valueName\":\"search_term_string\"}}],\"inLanguage\":\"ca\"}]}<\/script>\n<!-- \/ Yoast SEO plugin. -->","yoast_head_json":{"title":"Av\u00eds Legal - Elegant Driver","robots":{"index":"index","follow":"follow","max-snippet":"max-snippet:-1","max-image-preview":"max-image-preview:large","max-video-preview":"max-video-preview:-1"},"canonical":"https:\/\/elegantdriver.pro\/ca\/avis-legal\/","og_locale":"ca_ES","og_type":"article","og_title":"Av\u00eds Legal - Elegant Driver","og_description":"Av\u00eds Legal &nbsp; Datos del Responsable Identidad del Responsable: Team Elegant Driver SL Nombre comercial: Elegant Driver NIF\/CIF: L-714311-Z Direcci\u00f3n: Aparcament El Tarter \u2013 Edifici residencial Malyon \u2013 Atic 2 Correo electr\u00f3nico: team@elegantdriver.pro Actividad: P\u00e1gina de informaci\u00f3n comercial En este espacio, el usuario, podr\u00e1 encontrar toda la informaci\u00f3n relativa a los t\u00e9rminos y condiciones legales [&hellip;]","og_url":"https:\/\/elegantdriver.pro\/ca\/avis-legal\/","og_site_name":"Elegant Driver","article_publisher":"https:\/\/www.facebook.com\/Elegant-Driver-573677226420084\/","article_modified_time":"2022-11-28T13:26:59+00:00","og_image":[{"width":1024,"height":682,"url":"https:\/\/elegant-driver.fra1.digitaloceanspaces.com\/wp-content\/uploads\/2021\/01\/Giand21G121aCohete.jpg","type":"image\/jpeg"}],"twitter_card":"summary_large_image","twitter_misc":{"Temps estimat de lectura":"7 minuts"},"schema":{"@context":"https:\/\/schema.org","@graph":[{"@type":"WebPage","@id":"https:\/\/elegantdriver.pro\/ca\/avis-legal\/","url":"https:\/\/elegantdriver.pro\/ca\/avis-legal\/","name":"Av\u00eds Legal - Elegant Driver","isPartOf":{"@id":"https:\/\/elegantdriver.pro\/#website"},"datePublished":"2022-11-28T13:26:58+00:00","dateModified":"2022-11-28T13:26:59+00:00","breadcrumb":{"@id":"https:\/\/elegantdriver.pro\/ca\/avis-legal\/#breadcrumb"},"inLanguage":"ca","potentialAction":[{"@type":"ReadAction","target":["https:\/\/elegantdriver.pro\/ca\/avis-legal\/"]}]},{"@type":"BreadcrumbList","@id":"https:\/\/elegantdriver.pro\/ca\/avis-legal\/#breadcrumb","itemListElement":[{"@type":"ListItem","position":1,"name":"Portada","item":"https:\/\/elegantdriver.pro\/ca\/inici\/"},{"@type":"ListItem","position":2,"name":"Av\u00eds Legal"}]},{"@type":"WebSite","@id":"https:\/\/elegantdriver.pro\/#website","url":"https:\/\/elegantdriver.pro\/","name":"Elegant Driver","description":"SPORT-CHIC EXPERIENCES","potentialAction":[{"@type":"SearchAction","target":{"@type":"EntryPoint","urlTemplate":"https:\/\/elegantdriver.pro\/?s={search_term_string}"},"query-input":{"@type":"PropertyValueSpecification","valueRequired":true,"valueName":"search_term_string"}}],"inLanguage":"ca"}]}},"_links":{"self":[{"href":"https:\/\/elegantdriver.pro\/ca\/wp-json\/wp\/v2\/pages\/5116","targetHints":{"allow":["GET"]}}],"collection":[{"href":"https:\/\/elegantdriver.pro\/ca\/wp-json\/wp\/v2\/pages"}],"about":[{"href":"https:\/\/elegantdriver.pro\/ca\/wp-json\/wp\/v2\/types\/page"}],"author":[{"embeddable":true,"href":"https:\/\/elegantdriver.pro\/ca\/wp-json\/wp\/v2\/users\/1"}],"replies":[{"embeddable":true,"href":"https:\/\/elegantdriver.pro\/ca\/wp-json\/wp\/v2\/comments?post=5116"}],"version-history":[{"count":0,"href":"https:\/\/elegantdriver.pro\/ca\/wp-json\/wp\/v2\/pages\/5116\/revisions"}],"wp:attachment":[{"href":"https:\/\/elegantdriver.pro\/ca\/wp-json\/wp\/v2\/media?parent=5116"}],"curies":[{"name":"wp","href":"https:\/\/api.w.org\/{rel}","templated":true}]}}